{"id":3137,"date":"2021-03-28T10:40:07","date_gmt":"2021-03-28T08:40:07","guid":{"rendered":"https:\/\/b2you.com\/website\/?page_id=3137"},"modified":"2021-04-08T12:21:53","modified_gmt":"2021-04-08T10:21:53","slug":"homepage","status":"publish","type":"page","link":"https:\/\/b2you.com\/website\/index.php\/homepage\/","title":{"rendered":"Homepage"},"content":{"rendered":"<div id='layer_slider_1' class='avia-layerslider main_color avia-shadow  container_wrap sidebar_right'    style='height: 851px;' ><\/div>\n<\/div><\/div><\/div><!-- close content main div --><\/div><\/div><div id='numeri' class='avia-section main_color avia-section-default avia-no-shadow avia-full-stretch avia-bg-style-scroll   container_wrap sidebar_right' style = 'background-color: #f3f3f3; background-repeat: no-repeat; background-image: url(https:\/\/b2you.com\/website\/wp-content\/uploads\/2021\/04\/Vantaggi.png); background-attachment: scroll; background-position: top left; ' data-section-bg-repeat='stretch' ><div class='container' ><div class='template-page content  av-content-small alpha units'><div class='post-entry post-entry-type-page post-entry-3137'><div class='entry-content-wrapper clearfix'>\n<section class=\"av_textblock_section \"  itemscope=\"itemscope\" itemtype=\"https:\/\/schema.org\/CreativeWork\" ><div class='avia_textblock  av_inherit_color '  style='color:#333333; '  itemprop=\"text\" ><p class=\"p1\" style=\"text-align: center;\"><span class=\"s1\">Vent\u2019anni di storia vissuti intensamente, anni di grandi successi e piccoli fallimenti.<br \/>\n<\/span><span class=\"s1\">Ci abbiamo provato e ci proviamo sempre perch\u00e9 \u201cil fallimento di oggi \u00e8 l\u2019anticamera del successo di domani\u201d.<\/span><\/p>\n<\/div><\/section>\n<div style=' margin-top:30px; margin-bottom:60px;'  class='hr hr-custom hr-center hr-icon-no  '><span class='hr-inner   inner-border-av-border-fat' style=' width:140px; border-color:#f57d2d;' ><span class='hr-inner-style'><\/span><\/span><\/div>\n<div class=\"flex_column av_one_fifth  av-animated-generic av-rotateInUpLeft  flex_column_div av-zero-column-padding first  \" style='border-radius:0px; '><section class=\"avia_codeblock_section  avia_code_block_0\"  itemscope=\"itemscope\" itemtype=\"https:\/\/schema.org\/CreativeWork\" ><div class='avia_codeblock '  itemprop=\"text\" > [avia_codeblock_placeholder uid=\"0\"] <\/div><\/section><br \/>\n<section class=\"av_textblock_section \"  itemscope=\"itemscope\" itemtype=\"https:\/\/schema.org\/CreativeWork\" ><div class='avia_textblock  '   itemprop=\"text\" ><h3 style=\"text-align: center; margin-bottom: 0px;\"><strong>20 ANNI<\/strong><\/h3>\n<p style=\"text-align: center; margin-top: 0px; color: #333;\"><span style=\"text-align: center;\">di esperienza<\/span><\/p>\n<\/div><\/section><\/p><\/div><div class=\"flex_column av_one_fifth  av-animated-generic av-rotateInUpLeft  flex_column_div av-zero-column-padding   \" style='border-radius:0px; '><section class=\"avia_codeblock_section  avia_code_block_1\"  itemscope=\"itemscope\" itemtype=\"https:\/\/schema.org\/CreativeWork\" ><div class='avia_codeblock '  itemprop=\"text\" > [avia_codeblock_placeholder uid=\"1\"] <\/div><\/section><br \/>\n<section class=\"av_textblock_section \"  itemscope=\"itemscope\" itemtype=\"https:\/\/schema.org\/CreativeWork\" ><div class='avia_textblock  '   itemprop=\"text\" ><h3 style=\"text-align: center; margin-bottom: 0px;\"><strong>10.000<\/strong><\/h3>\n<p style=\"text-align: center; margin-top: 0px; color: #333;\"><span style=\"text-align: center;\">clienti gestiti<\/span><\/p>\n<\/div><\/section><\/p><\/div><div class=\"flex_column av_one_fifth  av-animated-generic av-rotateInUpLeft  flex_column_div av-zero-column-padding   \" style='border-radius:0px; '><section class=\"avia_codeblock_section  avia_code_block_2\"  itemscope=\"itemscope\" itemtype=\"https:\/\/schema.org\/CreativeWork\" ><div class='avia_codeblock '  itemprop=\"text\" > [avia_codeblock_placeholder uid=\"2\"] <\/div><\/section><br \/>\n<section class=\"av_textblock_section \"  itemscope=\"itemscope\" itemtype=\"https:\/\/schema.org\/CreativeWork\" ><div class='avia_textblock  '   itemprop=\"text\" ><h3 style=\"text-align: center; margin-bottom: 0px;\"><strong>7 SERVIZI<\/strong><\/h3>\n<p style=\"text-align: center; margin-top: 0px; color: #333;\"><span style=\"text-align: center;\">a valore aggiunto<\/span><\/p>\n<\/div><\/section><\/p><\/div><div class=\"flex_column av_one_fifth  av-animated-generic av-rotateInUpLeft  flex_column_div av-zero-column-padding   \" style='border-radius:0px; '><section class=\"avia_codeblock_section  avia_code_block_3\"  itemscope=\"itemscope\" itemtype=\"https:\/\/schema.org\/CreativeWork\" ><div class='avia_codeblock '  itemprop=\"text\" > [avia_codeblock_placeholder uid=\"3\"] <\/div><\/section><br \/>\n<section class=\"av_textblock_section \"  itemscope=\"itemscope\" itemtype=\"https:\/\/schema.org\/CreativeWork\" ><div class='avia_textblock  '   itemprop=\"text\" ><h3 style=\"text-align: center; margin-bottom: 0px;\"><strong>EUROPA<\/strong><\/h3>\n<p style=\"text-align: center; margin-top: 0px; color: #333;\"><span style=\"text-align: center;\">presenza in 7 nazioni<\/span><\/p>\n<\/div><\/section><\/p><\/div><div class=\"flex_column av_one_fifth  av-animated-generic av-rotateInUpLeft  flex_column_div av-zero-column-padding   \" style='border-radius:0px; '><section class=\"avia_codeblock_section  avia_code_block_4\"  itemscope=\"itemscope\" itemtype=\"https:\/\/schema.org\/CreativeWork\" ><div class='avia_codeblock '  itemprop=\"text\" > [avia_codeblock_placeholder uid=\"4\"] <\/div><\/section><br \/>\n<section class=\"av_textblock_section \"  itemscope=\"itemscope\" itemtype=\"https:\/\/schema.org\/CreativeWork\" ><div class='avia_textblock  '   itemprop=\"text\" ><h3 style=\"text-align: center; margin-bottom: 0px;\"><strong>SERVIZIO CLIENTI<\/strong><\/h3>\n<p style=\"text-align: center; margin-top: 0px; color: #333;\"><span style=\"text-align: center;\">multilingue<\/span><\/p>\n<\/div><\/section><\/p><\/div><div style='height:50px' class='hr hr-invisible  '><span class='hr-inner ' ><span class='hr-inner-style'><\/span><\/span><\/div>\n<\/div><\/div><\/div><!-- close content main div --><\/div><\/div><div id='after_section_1' class='main_color av_default_container_wrap container_wrap sidebar_right'   ><div class='container' ><div class='template-page content  av-content-small alpha units'><div class='post-entry post-entry-type-page post-entry-3137'><div class='entry-content-wrapper clearfix'>\n<\/div><\/div><\/div><!-- close content main div --><\/div><\/div><div id='servizi' class='avia-section main_color avia-section-default avia-no-shadow avia-full-stretch avia-bg-style-scroll   container_wrap sidebar_right' style = 'background-repeat: no-repeat; background-image: url(https:\/\/b2you.com\/website\/wp-content\/uploads\/2021\/04\/NumeroVerde.png); background-attachment: scroll; background-position: center center; ' data-section-bg-repeat='stretch' ><div class='container' ><div class='template-page content  av-content-small alpha units'><div class='post-entry post-entry-type-page post-entry-3137'><div class='entry-content-wrapper clearfix'>\n<div class=\"flex_column av_one_third  av-animated-generic pop-up  flex_column_div av-zero-column-padding first  \" style='margin-top:30px; margin-bottom:30px; border-radius:0px; '><p><div class='avia-image-container  av-styling- av-hover-grow noHover  av-overlay-hover-deactivate   avia-align-center '  itemscope=\"itemscope\" itemtype=\"https:\/\/schema.org\/ImageObject\"  ><div class='avia-image-container-inner'><div class='av-image-caption-overlay'><div class='av-caption-image-overlay-bg' style='opacity:0.4; '><\/div><div class='av-image-caption-overlay-position'><div class='av-image-caption-overlay-center' style='color:#ffffff; font-size:30px; '><p><strong style=\"color: #ffffff;\">NUMERO VERDE<\/strong><\/p>\n<\/div><\/div><\/div><img class='avia_image ' src='https:\/\/b2you.com\/website\/wp-content\/uploads\/2021\/03\/Numero-Verde-e1617483096852.png' alt='' title='Numero Verde'   itemprop=\"thumbnailUrl\"  \/><\/div><\/div><br \/>\n<section class=\"av_textblock_section \"  itemscope=\"itemscope\" itemtype=\"https:\/\/schema.org\/CreativeWork\" ><div class='avia_textblock  '   itemprop=\"text\" ><p class=\"p1\"><span class=\"s1\">Il numero verde 800 innovativo, che migliora l&#8217;immagine della tua azienda, aumenta il fatturato e soddisfa i clienti.<br \/>\n<\/span><span class=\"s1\">Comunicalo sempre e ovunque!<\/span><\/p>\n<\/div><\/section><br \/>\n<div class='avia-icon-list-container  '><ul class='avia-icon-list avia-icon-list-left av-iconlist-small avia_animate_when_almost_visible'>\n<li><div  style='color:#f57d2d; ' class='iconlist_icon  avia-font-entypo-fontello'><span class='iconlist-char ' aria-hidden='true' data-av_icon='\ue871' data-av_iconfont='entypo-fontello'><\/span><\/div><article class=\"article-icon-entry av-iconlist-empty\"  itemscope=\"itemscope\" itemtype=\"https:\/\/schema.org\/CreativeWork\" ><div class='iconlist_content_wrap'><header class=\"entry-content-header\"><div class='av_iconlist_title iconlist_title_small av_inherit_color '  itemprop=\"headline\"   style='color:#b0b0b0; '><a href='https:\/\/www.numeroverde.it\/pdf\/numeroverde.it_brochure.pdf' title='Scarica la brochure' target=\"_blank\" >Scarica la brochure<\/a><\/div><\/header><div class='iconlist_content  '  itemprop=\"text\"  ><\/div><\/div><footer class=\"entry-footer\"><\/footer><\/article><div class='iconlist-timeline'><\/div><\/li>\n<li><div  style='color:#f57d2d; ' class='iconlist_icon  avia-font-entypo-fontello'><span class='iconlist-char ' aria-hidden='true' data-av_icon='\ue871' data-av_iconfont='entypo-fontello'><\/span><\/div><article class=\"article-icon-entry av-iconlist-empty\"  itemscope=\"itemscope\" itemtype=\"https:\/\/schema.org\/CreativeWork\" ><div class='iconlist_content_wrap'><header class=\"entry-content-header\"><div class='av_iconlist_title iconlist_title_small av_inherit_color '  itemprop=\"headline\"   style='color:#b0b0b0; '><a href='https:\/\/www.numeroverde.it\/' title='Visita il sito www.numeroverde.it' target=\"_blank\" >Visita il sito www.numeroverde.it<\/a><\/div><\/header><div class='iconlist_content  '  itemprop=\"text\"  ><\/div><\/div><footer class=\"entry-footer\"><\/footer><\/article><div class='iconlist-timeline'><\/div><\/li>\n<\/ul><\/div><\/p><\/div><div class=\"flex_column av_one_third  av-animated-generic pop-up  flex_column_div av-zero-column-padding   \" style='margin-top:30px; margin-bottom:30px; border-radius:0px; '><p><div class='avia-image-container  av-styling- av-hover-grow noHover  av-overlay-hover-deactivate   avia-align-center '  itemscope=\"itemscope\" itemtype=\"https:\/\/schema.org\/ImageObject\"  ><div class='avia-image-container-inner'><div class='av-image-caption-overlay'><div class='av-caption-image-overlay-bg' style='opacity:0.4; '><\/div><div class='av-image-caption-overlay-position'><div class='av-image-caption-overlay-center' style='color:#ffffff; font-size:30px; '><p><strong style=\"color: #ffffff;\">VERDE EUROPA<\/strong><\/p>\n<\/div><\/div><\/div><img class='avia_image ' src='https:\/\/b2you.com\/website\/wp-content\/uploads\/2021\/04\/Europa-e1617695440187.jpg' alt='' title='Europa'   itemprop=\"thumbnailUrl\"  \/><\/div><\/div><br \/>\n<section class=\"av_textblock_section \"  itemscope=\"itemscope\" itemtype=\"https:\/\/schema.org\/CreativeWork\" ><div class='avia_textblock  '   itemprop=\"text\" ><p class=\"p1\"><span class=\"s1\">Sede in Italia e clienti in nazioni europee?<br \/>\n<\/span><span class=\"s1\">Puoi attivare i numeri verdi locali.<br \/>\n<\/span>Riceverai tutte le chiamate presso la sede italiana o presso le filiali\/sedi estere.<\/p>\n<\/div><\/section><br \/>\n<div class='avia-icon-list-container  '><ul class='avia-icon-list avia-icon-list-left av-iconlist-small avia_animate_when_almost_visible'>\n<li><div  style='color:#f57d2d; ' class='iconlist_icon  avia-font-entypo-fontello'><span class='iconlist-char ' aria-hidden='true' data-av_icon='\ue871' data-av_iconfont='entypo-fontello'><\/span><\/div><article class=\"article-icon-entry av-iconlist-empty\"  itemscope=\"itemscope\" itemtype=\"https:\/\/schema.org\/CreativeWork\" ><div class='iconlist_content_wrap'><header class=\"entry-content-header\"><div class='av_iconlist_title iconlist_title_small av_inherit_color '  itemprop=\"headline\"   style='color:#b0b0b0; '><a href='https:\/\/www.linea900prepago.es\/' title='Visita il sito spagnolo' target=\"_blank\" >Visita il sito spagnolo<\/a><\/div><\/header><div class='iconlist_content  '  itemprop=\"text\"  ><\/div><\/div><footer class=\"entry-footer\"><\/footer><\/article><div class='iconlist-timeline'><\/div><\/li>\n<li><div  style='color:#f57d2d; ' class='iconlist_icon  avia-font-entypo-fontello'><span class='iconlist-char ' aria-hidden='true' data-av_icon='\ue871' data-av_iconfont='entypo-fontello'><\/span><\/div><article class=\"article-icon-entry av-iconlist-empty\"  itemscope=\"itemscope\" itemtype=\"https:\/\/schema.org\/CreativeWork\" ><div class='iconlist_content_wrap'><header class=\"entry-content-header\"><div class='av_iconlist_title iconlist_title_small av_inherit_color '  itemprop=\"headline\"   style='color:#b0b0b0; '><a href='https:\/\/www.appel0800.com\/' title='Visita il sito francese' target=\"_blank\" >Visita il sito francese<\/a><\/div><\/header><div class='iconlist_content  '  itemprop=\"text\"  ><\/div><\/div><footer class=\"entry-footer\"><\/footer><\/article><div class='iconlist-timeline'><\/div><\/li>\n<li><div  style='color:#f57d2d; ' class='iconlist_icon  avia-font-entypo-fontello'><span class='iconlist-char ' aria-hidden='true' data-av_icon='\ue871' data-av_iconfont='entypo-fontello'><\/span><\/div><article class=\"article-icon-entry av-iconlist-empty\"  itemscope=\"itemscope\" itemtype=\"https:\/\/schema.org\/CreativeWork\" ><div class='iconlist_content_wrap'><header class=\"entry-content-header\"><div class='av_iconlist_title iconlist_title_small av_inherit_color '  itemprop=\"headline\"   style='color:#b0b0b0; '><a href='https:\/\/it.numerinternazionali.com\/' title='Visita il sito internazionale ' target=\"_blank\" >Visita il sito internazionale <\/a><\/div><\/header><div class='iconlist_content  '  itemprop=\"text\"  ><\/div><\/div><footer class=\"entry-footer\"><\/footer><\/article><div class='iconlist-timeline'><\/div><\/li>\n<\/ul><\/div><\/p><\/div><div class=\"flex_column av_one_third  av-animated-generic pop-up  flex_column_div av-zero-column-padding   \" style='margin-top:30px; margin-bottom:30px; border-radius:0px; '><p><div class='avia-image-container  av-styling- av-hover-grow noHover  av-overlay-hover-deactivate   avia-align-center '  itemscope=\"itemscope\" itemtype=\"https:\/\/schema.org\/ImageObject\"  ><div class='avia-image-container-inner'><div class='av-image-caption-overlay'><div class='av-caption-image-overlay-bg' style='opacity:0.4; '><\/div><div class='av-image-caption-overlay-position'><div class='av-image-caption-overlay-center' style='color:#ffffff; font-size:30px; '><p><strong style=\"color: #ffffff;\">SEGRETARIA<\/strong><\/p>\n<\/div><\/div><\/div><img class='avia_image ' src='https:\/\/b2you.com\/website\/wp-content\/uploads\/2021\/03\/Segretaria.me_-e1617483031947.png' alt='' title='Segretaria.me'   itemprop=\"thumbnailUrl\"  \/><\/div><\/div><br \/>\n<section class=\"av_textblock_section \"  itemscope=\"itemscope\" itemtype=\"https:\/\/schema.org\/CreativeWork\" ><div class='avia_textblock  '   itemprop=\"text\" ><p class=\"p1\"><span class=\"s1\">Un team di segretarie, con pluriennale esperienza, si prender\u00e0 cura dei tuoi clienti.<br \/>\n<\/span>La segretaria risponde, inoltra, chiama e fissa gli appuntamenti per conto tuo.<\/p>\n<\/div><\/section><br \/>\n<div class='avia-icon-list-container  '><ul class='avia-icon-list avia-icon-list-left av-iconlist-small avia_animate_when_almost_visible'>\n<li><div  style='color:#f57d2d; ' class='iconlist_icon  avia-font-entypo-fontello'><span class='iconlist-char ' aria-hidden='true' data-av_icon='\ue871' data-av_iconfont='entypo-fontello'><\/span><\/div><article class=\"article-icon-entry av-iconlist-empty\"  itemscope=\"itemscope\" itemtype=\"https:\/\/schema.org\/CreativeWork\" ><div class='iconlist_content_wrap'><header class=\"entry-content-header\"><div class='av_iconlist_title iconlist_title_small av_inherit_color '  itemprop=\"headline\"   style='color:#b0b0b0; '><a href='https:\/\/www.segretaria.me\/upload\/brochure-segretaria.me.pdf' title='Scarica la brochure' target=\"_blank\" >Scarica la brochure<\/a><\/div><\/header><div class='iconlist_content  '  itemprop=\"text\"  ><\/div><\/div><footer class=\"entry-footer\"><\/footer><\/article><div class='iconlist-timeline'><\/div><\/li>\n<li><div  style='color:#f57d2d; ' class='iconlist_icon  avia-font-entypo-fontello'><span class='iconlist-char ' aria-hidden='true' data-av_icon='\ue871' data-av_iconfont='entypo-fontello'><\/span><\/div><article class=\"article-icon-entry av-iconlist-empty\"  itemscope=\"itemscope\" itemtype=\"https:\/\/schema.org\/CreativeWork\" ><div class='iconlist_content_wrap'><header class=\"entry-content-header\"><div class='av_iconlist_title iconlist_title_small av_inherit_color '  itemprop=\"headline\"   style='color:#b0b0b0; '><a href='https:\/\/www.segretaria.me\/' title='Visita il sito www.segretaria.me' target=\"_blank\" >Visita il sito www.segretaria.me<\/a><\/div><\/header><div class='iconlist_content  '  itemprop=\"text\"  ><\/div><\/div><footer class=\"entry-footer\"><\/footer><\/article><div class='iconlist-timeline'><\/div><\/li>\n<\/ul><\/div><\/p><\/div>\n<\/div><\/div><\/div><!-- close content main div --><\/div><\/div><div id='after_section_2' class='main_color av_default_container_wrap container_wrap sidebar_right'   ><div class='container' ><div class='template-page content  av-content-small alpha units'><div class='post-entry post-entry-type-page post-entry-3137'><div class='entry-content-wrapper clearfix'>\n<\/div><\/div><\/div><!-- close content main div --><\/div><\/div><div id='imprenditore' class='av-layout-grid-container entry-content-wrapper main_color av-flex-cells av-break-at-tablet   container_wrap sidebar_right'   >\n<div class=\"flex_cell no_margin av_one_half   avia-full-stretch \" style='background-image:url(https:\/\/b2you.com\/website\/wp-content\/uploads\/2021\/03\/Livio-Crescino-scaled.jpg); background-position:center right; background-repeat:no-repeat; background-attachment:scroll; vertical-align:top; padding:30px; '><div class='flex_cell_inner' ><div style='height:220px' class='hr hr-invisible  '><span class='hr-inner ' ><span class='hr-inner-style'><\/span><\/span><\/div>\n<\/div><\/div><div class=\"flex_cell no_margin av_one_half   avia-full-stretch \" style='background-image:url(https:\/\/b2you.com\/website\/wp-content\/uploads\/2021\/04\/Imprenditore-2.png); background-position:top left; background-repeat:no-repeat; background-attachment:scroll; vertical-align:top; padding:30px; background-color:#f3f3f3; '><div class='flex_cell_inner' ><div class='flex_column_table av-equal-height-column-flextable -flextable' ><div class=\"flex_column av_one_full  flex_column_table_cell av-equal-height-column av-align-top first  \" style='padding:100px; border-radius:0px; '><p><div style='padding-bottom:0px;' class='av-special-heading av-special-heading-h1     '><h1 class='av-special-heading-tag '  itemprop=\"headline\"  >L\u2019IMPRENDITORE<\/h1><div class='special-heading-border'><div class='special-heading-inner-border' ><\/div><\/div><\/div><br \/>\n<div style=' margin-top:; margin-bottom:30px;'  class='hr hr-custom hr-left hr-icon-no  '><span class='hr-inner   inner-border-av-border-fat' style=' width:80px; border-color:#f57d2d;' ><span class='hr-inner-style'><\/span><\/span><\/div><br \/>\n<section class=\"av_textblock_section \"  itemscope=\"itemscope\" itemtype=\"https:\/\/schema.org\/CreativeWork\" ><div class='avia_textblock  '   itemprop=\"text\" ><p class=\"p1\"><span class=\"s1\">Livio Criscino \u00e8 il fondatore di B2YOU e il padre di due splendide ragazze. Dopo la laurea in scienze politiche all\u2019Universit\u00e0 degli Studi di Milano e alcuni anni trascorsi in diverse multinazionali, nel 2001, decide di creare la propria azienda.<\/span><\/p>\n<p class=\"p1\"><span class=\"s1\">Appassionato di tecnologia, il suo obiettivo \u00e8 aiutare altri imprenditori e manager attraverso l\u2019erogazione di servizi tecnologici misurabili, che snelliscono i processi e ottimizzano i costi.<br \/>\n<\/span><\/p>\n<p class=\"p1\"><span class=\"s1\">Il tutto senza mai perdere il sorriso!<\/span><\/p>\n<\/div><\/section><\/p><\/div><\/div><!--close column table wrapper. Autoclose: 1 -->\n<\/div><\/div>\n<\/div>\n<\/div><\/div><\/div><!-- close content main div --><\/div><\/div><div id='valori' class='avia-section main_color avia-section-large avia-no-shadow avia-full-stretch avia-bg-style-scroll   container_wrap sidebar_right' style = 'background-repeat: no-repeat; background-image: url(https:\/\/b2you.com\/website\/wp-content\/uploads\/2021\/04\/Servizi-1500x493.png); background-attachment: scroll; background-position: center left; ' data-section-bg-repeat='stretch' ><div class='container' ><div class='template-page content  av-content-small alpha units'><div class='post-entry post-entry-type-page post-entry-3137'><div class='entry-content-wrapper clearfix'>\n<div class=\"flex_column av_one_fourth  av-animated-generic bottom-to-top  flex_column_div av-zero-column-padding first  \" style='margin-top:30px; margin-bottom:30px; border-radius:0px 0px 0px 0px ; '><article class=\"iconbox iconbox_top main_color    \"  itemscope=\"itemscope\" itemtype=\"https:\/\/schema.org\/CreativeWork\" ><div class=\"iconbox_content\"><header class=\"entry-content-header\"><div class=\"iconbox_icon heading-color \" aria-hidden='true' data-av_icon='\ue806' data-av_iconfont='entypo-fontello'  style='background-color:#f57d2d; ' ><\/div><h3 class='iconbox_content_title '  itemprop=\"headline\"  ><strong>PASSIONE<\/strong><\/h3><\/header><div class='iconbox_content_container  '  itemprop=\"text\"  ><p class=\"p1\" style=\"font-size: 14px;\"><span class=\"s1\">La passione per ci\u00f2 che facciamo \u00e8 la nostra fonte di creativit\u00e0 e ispirazione nello sviluppo di soluzioni innovative, in linea con i tempi e utili ai clienti.<\/span><\/p>\n<\/div><\/div><footer class=\"entry-footer\"><\/footer><\/article><\/div><div class=\"flex_column av_one_fourth  av-animated-generic bottom-to-top  flex_column_div av-zero-column-padding   \" style='margin-top:30px; margin-bottom:30px; border-radius:0px; '><article class=\"iconbox iconbox_top main_color    \"  itemscope=\"itemscope\" itemtype=\"https:\/\/schema.org\/CreativeWork\" ><div class=\"iconbox_content\"><header class=\"entry-content-header\"><div class=\"iconbox_icon heading-color \" aria-hidden='true' data-av_icon='\ue82b' data-av_iconfont='entypo-fontello'  style='background-color:#f57d2d; ' ><\/div><h3 class='iconbox_content_title '  itemprop=\"headline\"  ><strong>RISPETTO<\/strong><\/h3><\/header><div class='iconbox_content_container  '  itemprop=\"text\"  ><p class=\"p1\" style=\"font-size: 14px;\"><span class=\"s1\">Attribuiamo grande importanza all\u2019empatia, all\u2019onest\u00e0 e al rispetto: promettiamo solo ci\u00f2 che possiamo mantenere e facciamo quello che promettiamo.<\/span><\/p>\n<\/div><\/div><footer class=\"entry-footer\"><\/footer><\/article><\/div><div class=\"flex_column av_one_fourth  av-animated-generic bottom-to-top  flex_column_div av-zero-column-padding   \" style='margin-top:30px; margin-bottom:30px; border-radius:0px; '><article class=\"iconbox iconbox_top main_color    \"  itemscope=\"itemscope\" itemtype=\"https:\/\/schema.org\/CreativeWork\" ><div class=\"iconbox_content\"><header class=\"entry-content-header\"><div class=\"iconbox_icon heading-color \" aria-hidden='true' data-av_icon='\ue808' data-av_iconfont='entypo-fontello'  style='background-color:#f57d2d; ' ><\/div><h3 class='iconbox_content_title '  itemprop=\"headline\"  ><strong>QUALIT\u00c0<\/strong><\/h3><\/header><div class='iconbox_content_container  '  itemprop=\"text\"  ><p class=\"p1\" style=\"font-size: 14px;\">Le competenze professionali del team e la tecnologia proprietaria ci consentono di garantire un servizio di qualit\u00e0 e tempi rapidi di esecuzione.<\/p>\n<\/div><\/div><footer class=\"entry-footer\"><\/footer><\/article><\/div><div class=\"flex_column av_one_fourth  av-animated-generic bottom-to-top  flex_column_div av-zero-column-padding   \" style='margin-top:30px; margin-bottom:30px; border-radius:0px; '><article class=\"iconbox iconbox_top main_color    \"  itemscope=\"itemscope\" itemtype=\"https:\/\/schema.org\/CreativeWork\" ><div class=\"iconbox_content\"><header class=\"entry-content-header\"><div class=\"iconbox_icon heading-color \" aria-hidden='true' data-av_icon='\ue827' data-av_iconfont='entypo-fontello'  style='background-color:#f57d2d; ' ><\/div><h3 class='iconbox_content_title '  itemprop=\"headline\"  ><strong>EFFICIENZA<\/strong><\/h3><\/header><div class='iconbox_content_container  '  itemprop=\"text\"  ><p class=\"p1\" style=\"font-size: 14px;\">Siamo sempre attenti alla nostra efficienza interna per fornire ai nostri clienti strumenti tecnologicamente avanzati, potenti e convenienti.<\/p>\n<\/div><\/div><footer class=\"entry-footer\"><\/footer><\/article><\/div><\/div><\/div><\/div><!-- close content main div --><\/div><\/div><div id='after_section_3' class='main_color av_default_container_wrap container_wrap sidebar_right'   ><div class='container' ><div class='template-page content  av-content-small alpha units'><div class='post-entry post-entry-type-page post-entry-3137'><div class='entry-content-wrapper clearfix'><section class=\"avia_codeblock_section  avia_code_block_5\"  itemscope=\"itemscope\" itemtype=\"https:\/\/schema.org\/CreativeWork\" ><div class='avia_codeblock '  itemprop=\"text\" > [avia_codeblock_placeholder uid=\"5\"] <\/div><\/section><\/p>\n","protected":false},"excerpt":{"rendered":"","protected":false},"author":3,"featured_media":0,"parent":0,"menu_order":0,"comment_status":"open","ping_status":"closed","template":"","meta":[],"_links":{"self":[{"href":"https:\/\/b2you.com\/website\/index.php\/wp-json\/wp\/v2\/pages\/3137"}],"collection":[{"href":"https:\/\/b2you.com\/website\/index.php\/wp-json\/wp\/v2\/pages"}],"about":[{"href":"https:\/\/b2you.com\/website\/index.php\/wp-json\/wp\/v2\/types\/page"}],"author":[{"embeddable":true,"href":"https:\/\/b2you.com\/website\/index.php\/wp-json\/wp\/v2\/users\/3"}],"replies":[{"embeddable":true,"href":"https:\/\/b2you.com\/website\/index.php\/wp-json\/wp\/v2\/comments?post=3137"}],"version-history":[{"count":151,"href":"https:\/\/b2you.com\/website\/index.php\/wp-json\/wp\/v2\/pages\/3137\/revisions"}],"predecessor-version":[{"id":3484,"href":"https:\/\/b2you.com\/website\/index.php\/wp-json\/wp\/v2\/pages\/3137\/revisions\/3484"}],"wp:attachment":[{"href":"https:\/\/b2you.com\/website\/index.php\/wp-json\/wp\/v2\/media?parent=3137"}],"curies":[{"name":"wp","href":"https:\/\/api.w.org\/{rel}","templated":true}]}}